{"id":718,"date":"2020-06-10T20:28:42","date_gmt":"2020-06-10T20:28:42","guid":{"rendered":"https:\/\/unwwo.com\/?page_id=718"},"modified":"2023-07-26T08:00:08","modified_gmt":"2023-07-26T08:00:08","slug":"w-connecter","status":"publish","type":"page","link":"http:\/\/unwwo.uno\/fr\/w-connecter\/","title":{"rendered":"W-Connect : Programme de d\u00e9veloppement des connexions mondiales"},"content":{"rendered":"<h6><span style=\"color: #164781;\">Connecter le travail. Connecter les femmes. Connecter les mondes.<\/span><\/h6>\n<p>&nbsp;<\/p>\n<p><span style=\"color: #000000;\">Le programme W-Connect Global Connection Development aide les familles du monde entier et favorise le redressement social et \u00e9conomique. Les valeurs de la WWO sont \"connecter le travail, connecter les femmes, connecter les mondes\". La WWO veut aider les travailleuses, les familles et les PME (petites et moyennes entreprises). Dans le m\u00eame temps, des millions de femmes travaillant dans des PME et des usines du monde entier sont confront\u00e9es \u00e0 des difficult\u00e9s. La WWO a lanc\u00e9 \"W-Connect\", un programme d'entraide commerciale, pour aider \u00e0 la reprise du travail. Le programme a \u00e9t\u00e9 lanc\u00e9 pour augmenter l'emploi des travailleuses et de leurs familles.<\/span><\/p>\n<p>&nbsp;<\/p>\n<p><span style=\"color: #000000;\"><img fetchpriority=\"high\" decoding=\"async\" class=\"alignnone wp-image-3054 size-full\" src=\"http:\/\/unwwo.uno\/wp-content\/uploads\/2023\/07\/WCT3.jpg\" alt=\"\" width=\"1063\" height=\"767\" srcset=\"http:\/\/unwwo.uno\/wp-content\/uploads\/2023\/07\/WCT3.jpg 1063w, http:\/\/unwwo.uno\/wp-content\/uploads\/2023\/07\/WCT3-300x216.jpg 300w, http:\/\/unwwo.uno\/wp-content\/uploads\/2023\/07\/WCT3-1024x739.jpg 1024w, http:\/\/unwwo.uno\/wp-content\/uploads\/2023\/07\/WCT3-768x554.jpg 768w\" sizes=\"(max-width: 1063px) 100vw, 1063px\" \/><\/span><\/p>\n<p><span style=\"color: #000000;\">L'objectif principal de l'Organisation mondiale des femmes est de promouvoir l'unit\u00e9 et le progr\u00e8s des femmes dans le monde entier, ainsi que le d\u00e9veloppement et le progr\u00e8s communs de la soci\u00e9t\u00e9 mondiale et de la destin\u00e9e humaine gr\u00e2ce au r\u00f4le et \u00e0 l'influence des femmes dans la soci\u00e9t\u00e9. L'Organisation mondiale de la femme assume la responsabilit\u00e9 d'aider les femmes \u00e0 grandir et \u00e0 se d\u00e9velopper dans le monde, en promouvant le d\u00e9veloppement commun et le progr\u00e8s de l'humanit\u00e9 gr\u00e2ce au r\u00f4le et \u00e0 l'influence des femmes dans la soci\u00e9t\u00e9.<\/span><\/p>\n<p>&nbsp;<\/p>\n<p><img decoding=\"async\" class=\"alignnone wp-image-3055 size-full\" src=\"http:\/\/unwwo.uno\/wp-content\/uploads\/2023\/07\/WCT1.jpg\" alt=\"\" width=\"1242\" height=\"997\" srcset=\"http:\/\/unwwo.uno\/wp-content\/uploads\/2023\/07\/WCT1.jpg 1242w, http:\/\/unwwo.uno\/wp-content\/uploads\/2023\/07\/WCT1-300x241.jpg 300w, http:\/\/unwwo.uno\/wp-content\/uploads\/2023\/07\/WCT1-1024x822.jpg 1024w, http:\/\/unwwo.uno\/wp-content\/uploads\/2023\/07\/WCT1-768x617.jpg 768w\" sizes=\"(max-width: 1242px) 100vw, 1242px\" \/><\/p>","protected":false},"excerpt":{"rendered":"<p>Connecting Work. Connecting Women. Connecting Worlds. &nbsp; The W-Connect Global Connection Development program helps families around the world and promotes social and economic recovery. The WWO\u2019s values are \u201cconnecting work, connecting women, connecting worlds.&#8221; The WWO wants to help female workers, families and SMEs (small and medium-sized enterprises). At the same time, millions of women&hellip;<\/p>","protected":false},"author":1,"featured_media":0,"parent":0,"menu_order":0,"comment_status":"closed","ping_status":"closed","template":"","meta":{"_acf_changed":false,"passster_activate_protection":false,"passster_protect_child_pages":"","passster_protection_type":"password","passster_password":"","passster_passwords":"","passster_password_list":"","passster_password_lists":"","passster_activate_user_restriction":"","passster_user_restriction_type":"user-role","passster_user_restriction":"no-role","passster_activate_overwrite_defaults":"","passster_headline":"","passster_instruction":"","passster_placeholder":"","passster_button":"","passster_id":"","passster_activate_misc_settings":"","passster_redirect_url":"","passster_hide":"no","passster_area_shortcode":"","footnotes":""},"class_list":["post-718","page","type-page","status-publish","hentry","description-off"],"acf":[],"_links":{"self":[{"href":"http:\/\/unwwo.uno\/fr\/wp-json\/wp\/v2\/pages\/718","targetHints":{"allow":["GET"]}}],"collection":[{"href":"http:\/\/unwwo.uno\/fr\/wp-json\/wp\/v2\/pages"}],"about":[{"href":"http:\/\/unwwo.uno\/fr\/wp-json\/wp\/v2\/types\/page"}],"author":[{"embeddable":true,"href":"http:\/\/unwwo.uno\/fr\/wp-json\/wp\/v2\/users\/1"}],"replies":[{"embeddable":true,"href":"http:\/\/unwwo.uno\/fr\/wp-json\/wp\/v2\/comments?post=718"}],"version-history":[{"count":0,"href":"http:\/\/unwwo.uno\/fr\/wp-json\/wp\/v2\/pages\/718\/revisions"}],"wp:attachment":[{"href":"http:\/\/unwwo.uno\/fr\/wp-json\/wp\/v2\/media?parent=718"}],"curies":[{"name":"wp","href":"https:\/\/api.w.org\/{rel}","templated":true}]}}