{"id":708,"date":"2020-06-10T19:55:39","date_gmt":"2020-06-10T19:55:39","guid":{"rendered":"https:\/\/unwwo.com\/?page_id=708"},"modified":"2020-07-17T02:08:25","modified_gmt":"2020-07-17T02:08:25","slug":"fonds-de-developpement-durable","status":"publish","type":"page","link":"http:\/\/unwwo.uno\/fr\/fonds-de-developpement-durable\/","title":{"rendered":"Fonds de d\u00e9veloppement durable"},"content":{"rendered":"<p><span style=\"font-weight: 400; color: #000000;\">Le Fonds de d\u00e9veloppement durable de l'Organisation mondiale des femmes (WWO) relie les membres, les Nations unies (ONU), les agences de l'ONU, les gouvernements, les entreprises et la soci\u00e9t\u00e9 civile pour faire avancer l'Agenda 2030 pour le d\u00e9veloppement durable et atteindre les Objectifs de d\u00e9veloppement durable (ODD). Les programmes du Fonds pour le d\u00e9veloppement durable b\u00e9n\u00e9ficient \u00e0 des questions interconnect\u00e9es, telles que la durabilit\u00e9, l'harmonie entre les sexes et les pratiques de responsabilit\u00e9 sociale des entreprises (RSE).<\/span><\/p>\n<p>&nbsp;<\/p>\n<p><span style=\"font-weight: 400; color: #000000;\">Le Comit\u00e9 RSE de WWO travaille avec des partenaires pour maximiser l'impact du r\u00f4le et de l'influence des femmes dans la soci\u00e9t\u00e9. Le Comit\u00e9 favorisera \u00e9galement le progr\u00e8s des soci\u00e9t\u00e9s mondiales et la qualit\u00e9 de vie des individus en concevant et en mettant en \u0153uvre des projets innovants pour atteindre les ODD. <\/span><\/p>","protected":false},"excerpt":{"rendered":"<p>Le Fonds de d\u00e9veloppement durable de l'Organisation mondiale des femmes (WWO) relie les membres, les Nations unies (ONU), les agences de l'ONU, les gouvernements, les entreprises et la soci\u00e9t\u00e9 civile afin de faire progresser l'Agenda 2030 pour le d\u00e9veloppement durable et d'atteindre les Objectifs de d\u00e9veloppement durable (ODD). Les programmes du Fonds pour le d\u00e9veloppement durable b\u00e9n\u00e9ficient \u00e0 des questions interconnect\u00e9es, telles que la durabilit\u00e9, l'harmonie entre les sexes et la responsabilit\u00e9 sociale des entreprises....<\/p>","protected":false},"author":1,"featured_media":0,"parent":0,"menu_order":0,"comment_status":"closed","ping_status":"closed","template":"","meta":{"_acf_changed":false,"passster_activate_protection":false,"passster_protect_child_pages":"","passster_protection_type":"password","passster_password":"","passster_passwords":"","passster_password_list":"","passster_password_lists":"","passster_activate_user_restriction":"","passster_user_restriction_type":"user-role","passster_user_restriction":"no-role","passster_activate_overwrite_defaults":"","passster_headline":"","passster_instruction":"","passster_placeholder":"","passster_button":"","passster_id":"","passster_activate_misc_settings":"","passster_redirect_url":"","passster_hide":"no","passster_area_shortcode":"","footnotes":""},"class_list":["post-708","page","type-page","status-publish","hentry","description-off"],"acf":[],"_links":{"self":[{"href":"http:\/\/unwwo.uno\/fr\/wp-json\/wp\/v2\/pages\/708","targetHints":{"allow":["GET"]}}],"collection":[{"href":"http:\/\/unwwo.uno\/fr\/wp-json\/wp\/v2\/pages"}],"about":[{"href":"http:\/\/unwwo.uno\/fr\/wp-json\/wp\/v2\/types\/page"}],"author":[{"embeddable":true,"href":"http:\/\/unwwo.uno\/fr\/wp-json\/wp\/v2\/users\/1"}],"replies":[{"embeddable":true,"href":"http:\/\/unwwo.uno\/fr\/wp-json\/wp\/v2\/comments?post=708"}],"version-history":[{"count":0,"href":"http:\/\/unwwo.uno\/fr\/wp-json\/wp\/v2\/pages\/708\/revisions"}],"wp:attachment":[{"href":"http:\/\/unwwo.uno\/fr\/wp-json\/wp\/v2\/media?parent=708"}],"curies":[{"name":"wp","href":"https:\/\/api.w.org\/{rel}","templated":true}]}}