{"id":690,"date":"2020-06-10T16:56:22","date_gmt":"2020-06-10T16:56:22","guid":{"rendered":"https:\/\/unwwo.com\/?page_id=690"},"modified":"2024-03-09T17:44:15","modified_gmt":"2024-03-09T17:44:15","slug":"ce-que-nous-defendons","status":"publish","type":"page","link":"http:\/\/unwwo.uno\/fr\/ce-que-nous-defendons\/","title":{"rendered":"Ce que nous d\u00e9fendons"},"content":{"rendered":"<div class=\"wpb-content-wrapper\"><div class=\"vc_row wpb_row vc_row-fluid\"><div class=\"wpb_column vc_column_container vc_col-sm-12\"><div class=\"vc_column-inner\"><div class=\"wpb_wrapper\">\n\t<div class=\"wpb_text_column wpb_content_element\" >\n\t\t<div class=\"wpb_wrapper\">\n\t\t\t<h4 style=\"text-align: left;\"><span style=\"font-weight: 400; color: #164783;\">L'avenir des femmes est l'avenir de l'humanit\u00e9.<\/span><\/h4>\n\n\t\t<\/div>\n\t<\/div>\n<\/div><\/div><\/div><\/div><div class=\"vc_row wpb_row vc_row-fluid\"><div class=\"wpb_column vc_column_container vc_col-sm-12\"><div class=\"vc_column-inner\"><div class=\"wpb_wrapper\">\n\t<div  class=\"wpb_single_image wpb_content_element vc_align_center\">\n\t\t\n\t\t<figure class=\"wpb_wrapper vc_figure\">\n\t\t\t<div class=\"vc_single_image-wrapper   vc_box_border_grey\"><img fetchpriority=\"high\" decoding=\"async\" width=\"300\" height=\"236\" src=\"http:\/\/unwwo.uno\/wp-content\/uploads\/2020\/12\/Screen-Shot-2020-12-04-at-5.44.31-PM-300x236.png\" class=\"vc_single_image-img attachment-medium\" alt=\"\" title=\"Capture d&#039;\u00e9cran 2020-12-04 \u00e0 5.44.31 PM\" srcset=\"http:\/\/unwwo.uno\/wp-content\/uploads\/2020\/12\/Screen-Shot-2020-12-04-at-5.44.31-PM-300x236.png 300w, http:\/\/unwwo.uno\/wp-content\/uploads\/2020\/12\/Screen-Shot-2020-12-04-at-5.44.31-PM-768x604.png 768w, http:\/\/unwwo.uno\/wp-content\/uploads\/2020\/12\/Screen-Shot-2020-12-04-at-5.44.31-PM.png 1010w\" sizes=\"(max-width: 300px) 100vw, 300px\"  data-dt-location=\"http:\/\/unwwo.uno\/fr\/what-we-stand-for\/screen-shot-2020-12-04-at-5-44-31-pm\/\" \/><\/div>\n\t\t<\/figure>\n\t<\/div>\n\n\t<div class=\"wpb_text_column wpb_content_element\" >\n\t\t<div class=\"wpb_wrapper\">\n\t\t\t<p><span style=\"color: #000000;\">Les principes de l'UNWWO sont en accord avec les trois documents majeurs des Nations unies : La D\u00e9claration universelle des droits de l'homme, la D\u00e9claration et la Plateforme d'action de P\u00e9kin, et l'Agenda 2030 pour le d\u00e9veloppement durable.<\/span><\/p>\n\n\t\t<\/div>\n\t<\/div>\n<\/div><\/div><\/div><\/div><div class=\"vc_row wpb_row vc_row-fluid vc_custom_1594155093310 vc_row-has-fill\"><div class=\"wpb_column vc_column_container vc_col-sm-6\"><div class=\"vc_column-inner\"><div class=\"wpb_wrapper\">\n<div class=\"vc-zigzag-wrapper vc-zigzag-align-center\"><div class=\"vc-zigzag-inner\" style=\"width: 100%;min-height: 14px;background: 0 repeat-x url(&#039;data:image\/svg+xml;utf-8,%3C%3Fxml%20version%3D%221.0%22%20encoding%3D%22utf-8%22%3F%3E%3C%21DOCTYPE%20svg%20PUBLIC%20%22-%2F%2FW3C%2F%2FDTD%20SVG%201.1%2F%2FEN%22%20%22http%3A%2F%2Fwww.w3.org%2FGraphics%2FSVG%2F1.1%2FDTD%2Fsvg11.dtd%22%3E%3Csvg%20width%3D%2214px%22%20height%3D%2212px%22%20viewBox%3D%220%200%2018%2015%22%20version%3D%221.1%22%20xmlns%3D%22http%3A%2F%2Fwww.w3.org%2F2000%2Fsvg%22%20xmlns%3Axlink%3D%22http%3A%2F%2Fwww.w3.org%2F1999%2Fxlink%22%3E%3Cpolygon%20id%3D%22Combined-Shape%22%20fill%3D%22%23164783%22%20points%3D%228.98762301%200%200%209.12771969%200%2014.519983%209%205.40479869%2018%2014.519983%2018%209.12771969%22%3E%3C%2Fpolygon%3E%3C%2Fsvg%3E&#039;);\"><\/div><\/div>\n\t<div class=\"wpb_text_column wpb_content_element\" >\n\t\t<div class=\"wpb_wrapper\">\n\t\t\t<h6><\/h6>\n<div style=\"font-size: 18px;\"><span style=\"font-weight: 400; color: #444444;\">D\u00e9claration universelle des droits de l'homme<\/span><\/div>\n<p>&nbsp;<\/p>\n<div style=\"font-size: 12px;\">\n<p><span style=\"font-weight: 400; color: #444444;\">En 1948, les Nations unies ont adopt\u00e9 la D\u00e9claration universelle des droits de l'homme. Dans ce document historique, les droits des femmes \u00e9taient inscrits au m\u00eame titre que ceux des hommes. Plus de 70 ans plus tard, bien que des engagements internationaux majeurs aient \u00e9t\u00e9 pris et que des progr\u00e8s aient \u00e9t\u00e9 r\u00e9alis\u00e9s, ces droits ne sont toujours pas pleinement r\u00e9alis\u00e9s. L'UNWWO reconna\u00eet ces droits et \u0153uvre en leur faveur dans chacun des projets qu'elle entreprend.\u00a0<\/span><\/p>\n<ul>\n<li style=\"font-weight: 400;\"><span style=\"font-weight: 400; color: #444444;\">Droit \u00e0 l'autod\u00e9termination<\/span><\/li>\n<li style=\"font-weight: 400;\"><span style=\"font-weight: 400; color: #444444;\">Droit \u00e0 la libert\u00e9<\/span><\/li>\n<li style=\"font-weight: 400;\"><span style=\"font-weight: 400; color: #444444;\">Droit \u00e0 une proc\u00e9dure r\u00e9guli\u00e8re<\/span><\/li>\n<li style=\"font-weight: 400;\"><span style=\"font-weight: 400; color: #444444;\">Droit \u00e0 la libert\u00e9 de circulation<\/span><\/li>\n<li style=\"font-weight: 400;\"><span style=\"font-weight: 400; color: #444444;\">Droit \u00e0 la vie priv\u00e9e<\/span><\/li>\n<li style=\"font-weight: 400;\"><span style=\"font-weight: 400; color: #444444;\">Droit \u00e0 la libert\u00e9 de pens\u00e9e<\/span><\/li>\n<li style=\"font-weight: 400;\"><span style=\"font-weight: 400; color: #444444;\">Droit \u00e0 la libert\u00e9 de religion<\/span><\/li>\n<li style=\"font-weight: 400;\"><span style=\"font-weight: 400; color: #444444;\">Droit \u00e0 la libert\u00e9 d'expression<\/span><\/li>\n<li style=\"font-weight: 400;\"><span style=\"font-weight: 400; color: #444444;\">Droit de r\u00e9union pacifique<\/span><\/li>\n<li style=\"font-weight: 400;\"><span style=\"font-weight: 400; color: #444444;\">Droit \u00e0 la libert\u00e9 d'association<\/span><\/li>\n<\/ul>\n<\/div>\n\n\t\t<\/div>\n\t<\/div>\n<\/div><\/div><\/div><div class=\"wpb_column vc_column_container vc_col-sm-6 vc_col-has-fill\"><div class=\"vc_column-inner vc_custom_1594155473596\"><div class=\"wpb_wrapper\">\n<div class=\"vc-zigzag-wrapper vc-zigzag-align-center\"><div class=\"vc-zigzag-inner\" style=\"width: 100%;min-height: 14px;background: 0 repeat-x url(&#039;data:image\/svg+xml;utf-8,%3C%3Fxml%20version%3D%221.0%22%20encoding%3D%22utf-8%22%3F%3E%3C%21DOCTYPE%20svg%20PUBLIC%20%22-%2F%2FW3C%2F%2FDTD%20SVG%201.1%2F%2FEN%22%20%22http%3A%2F%2Fwww.w3.org%2FGraphics%2FSVG%2F1.1%2FDTD%2Fsvg11.dtd%22%3E%3Csvg%20width%3D%2214px%22%20height%3D%2212px%22%20viewBox%3D%220%200%2018%2015%22%20version%3D%221.1%22%20xmlns%3D%22http%3A%2F%2Fwww.w3.org%2F2000%2Fsvg%22%20xmlns%3Axlink%3D%22http%3A%2F%2Fwww.w3.org%2F1999%2Fxlink%22%3E%3Cpolygon%20id%3D%22Combined-Shape%22%20fill%3D%22%23164783%22%20points%3D%228.98762301%200%200%209.12771969%200%2014.519983%209%205.40479869%2018%2014.519983%2018%209.12771969%22%3E%3C%2Fpolygon%3E%3C%2Fsvg%3E&#039;);\"><\/div><\/div>\n\t<div class=\"wpb_text_column wpb_content_element\" >\n\t\t<div class=\"wpb_wrapper\">\n\t\t\t<h6><\/h6>\n<div style=\"font-size: 18px;\"><span style=\"font-weight: 400; color: #444444;\">D\u00e9claration et plate-forme d'action de P\u00e9kin<\/span><\/div>\n<p>&nbsp;<\/p>\n<div style=\"font-size: 12px;\">\n<p><span style=\"font-weight: 400; color: #444444;\">La d\u00e9claration et la plate-forme d'action de P\u00e9kin ont \u00e9t\u00e9 adopt\u00e9es par les Nations unies \u00e0 l'issue de la quatri\u00e8me conf\u00e9rence mondiale sur les femmes, le 15 septembre 1995. La conf\u00e9rence s'est tenue \u00e0 P\u00e9kin \u00e0 l'occasion du 50e anniversaire des Nations unies. S'appuyant sur les progr\u00e8s r\u00e9alis\u00e9s lors des conf\u00e9rences des Nations unies sur les femmes, la d\u00e9claration de P\u00e9kin a mis en \u0153uvre un ensemble de principes qui garantissent la pleine application des droits des femmes en tant que partie inali\u00e9nable, int\u00e9grale et indivisible des droits de l'homme et des libert\u00e9s fondamentales. La d\u00e9claration de P\u00e9kin contient notamment les affirmations suivantes :<\/span><\/p>\n<ul>\n<li><span style=\"color: #444444;\">La conviction profonde que \"l'autonomisation des femmes et leur pleine participation sur la base de l'\u00e9galit\u00e9 dans toutes les sph\u00e8res de la soci\u00e9t\u00e9... sont fondamentales pour la r\u00e9alisation de l'\u00e9galit\u00e9, du d\u00e9veloppement et de la paix\".<\/span><\/li>\n<li><span style=\"color: #444444;\">Une d\u00e9termination \u00e0 \"\u00e9liminer toutes les formes de discrimination \u00e0 l'\u00e9gard des femmes\".<\/span><\/li>\n<li><span style=\"color: #444444;\">Une d\u00e9termination \u00e0 \"assurer l'\u00e9galit\u00e9 d'acc\u00e8s et de traitement des femmes et des hommes dans les domaines de l'\u00e9ducation et des soins de sant\u00e9\".<\/span><\/li>\n<li><span style=\"color: #444444;\">Une volont\u00e9 de \"promouvoir l'ind\u00e9pendance \u00e9conomique des femmes\"<\/span><\/li>\n<\/ul>\n<\/div>\n\n\t\t<\/div>\n\t<\/div>\n<\/div><\/div><\/div><\/div><div class=\"vc_row wpb_row vc_row-fluid\"><div class=\"wpb_column vc_column_container vc_col-sm-12\"><div class=\"vc_column-inner\"><div class=\"wpb_wrapper\">\n<div class=\"vc-zigzag-wrapper vc-zigzag-align-center\"><div class=\"vc-zigzag-inner\" style=\"width: 100%;min-height: 14px;background: 0 repeat-x url(&#039;data:image\/svg+xml;utf-8,%3C%3Fxml%20version%3D%221.0%22%20encoding%3D%22utf-8%22%3F%3E%3C%21DOCTYPE%20svg%20PUBLIC%20%22-%2F%2FW3C%2F%2FDTD%20SVG%201.1%2F%2FEN%22%20%22http%3A%2F%2Fwww.w3.org%2FGraphics%2FSVG%2F1.1%2FDTD%2Fsvg11.dtd%22%3E%3Csvg%20width%3D%2214px%22%20height%3D%2212px%22%20viewBox%3D%220%200%2018%2015%22%20version%3D%221.1%22%20xmlns%3D%22http%3A%2F%2Fwww.w3.org%2F2000%2Fsvg%22%20xmlns%3Axlink%3D%22http%3A%2F%2Fwww.w3.org%2F1999%2Fxlink%22%3E%3Cpolygon%20id%3D%22Combined-Shape%22%20fill%3D%22%23164783%22%20points%3D%228.98762301%200%200%209.12771969%200%2014.519983%209%205.40479869%2018%2014.519983%2018%209.12771969%22%3E%3C%2Fpolygon%3E%3C%2Fsvg%3E&#039;);\"><\/div><\/div><\/div><\/div><\/div><\/div><div class=\"vc_row wpb_row vc_row-fluid\"><div class=\"wpb_column vc_column_container vc_col-sm-12\"><div class=\"vc_column-inner\"><div class=\"wpb_wrapper\">\n\t<div class=\"wpb_text_column wpb_content_element\" >\n\t\t<div class=\"wpb_wrapper\">\n\t\t\t<div><\/div>\n<div><\/div>\n<h6><\/h6>\n<div style=\"font-size: 18px;\"><span style=\"font-weight: 400; color: #444444;\">Agenda 2030 pour le d\u00e9veloppement durable<\/span><\/div>\n<p>&nbsp;<\/p>\n<div style=\"font-size: 12px;\"><span style=\"font-weight: 400; color: #444444;\">Selon les termes de l'ONU, l'Agenda 2030 pour le d\u00e9veloppement durable est \"un plan d'action pour les personnes, la plan\u00e8te et la prosp\u00e9rit\u00e9.\" Les 17 objectifs de d\u00e9veloppement durable (ODD) et les 169 cibles de l'Agenda t\u00e9moignent de son ampleur et de son ambition. Si l'Agenda s'appuie sur les Objectifs du Mill\u00e9naire pour le d\u00e9veloppement (OMD) et poursuit ce qui n'a pas \u00e9t\u00e9 r\u00e9alis\u00e9, il cherche \u00e9galement \u00e0 r\u00e9aliser les droits de l'homme pour tous, y compris l'autonomisation des femmes au nom de l'\u00e9galit\u00e9 des sexes. L'UNWWO s'engage \u00e0 mettre en \u0153uvre l'Agenda 2030 et d\u00e9ploie des efforts continus pour r\u00e9aliser les 17 ODD, dans l'ensemble des projets et, en particulier, au sein du sous-comit\u00e9 RSE de l'UNWWO<\/span><\/div>\n\n\t\t<\/div>\n\t<\/div>\n<\/div><\/div><\/div><\/div><div class=\"vc_row wpb_row vc_row-fluid\"><div class=\"wpb_column vc_column_container vc_col-sm-12\"><div class=\"vc_column-inner\"><div class=\"wpb_wrapper\">\n\t<div class=\"wpb_text_column wpb_content_element\" >\n\t\t<div class=\"wpb_wrapper\">\n\t\t\t\n\t\t<\/div>\n\t<\/div>\n<\/div><\/div><\/div><\/div>\n<\/div>","protected":false},"excerpt":{"rendered":"<p>Women&#8217;s future are Human Future. The principles of the UNWWO are in line with the three major documents of the United Nations: The Universal Declaration of Human Rights, the Beijing Declaration and Platform for Action, and the 2030 Agenda for Sustainable Development. Universal Declaration of Human Rights &nbsp; In 1948, the United Nations adopted the&hellip;<\/p>","protected":false},"author":1,"featured_media":0,"parent":0,"menu_order":0,"comment_status":"closed","ping_status":"closed","template":"","meta":{"_acf_changed":false,"passster_activate_protection":false,"passster_protect_child_pages":"","passster_protection_type":"password","passster_password":"","passster_passwords":"","passster_password_list":"","passster_password_lists":"","passster_activate_user_restriction":"","passster_user_restriction_type":"user-role","passster_user_restriction":"no-role","passster_activate_overwrite_defaults":"","passster_headline":"","passster_instruction":"","passster_placeholder":"","passster_button":"","passster_id":"","passster_activate_misc_settings":"","passster_redirect_url":"","passster_hide":"no","passster_area_shortcode":"","footnotes":""},"class_list":["post-690","page","type-page","status-publish","hentry","description-off"],"acf":[],"_links":{"self":[{"href":"http:\/\/unwwo.uno\/fr\/wp-json\/wp\/v2\/pages\/690","targetHints":{"allow":["GET"]}}],"collection":[{"href":"http:\/\/unwwo.uno\/fr\/wp-json\/wp\/v2\/pages"}],"about":[{"href":"http:\/\/unwwo.uno\/fr\/wp-json\/wp\/v2\/types\/page"}],"author":[{"embeddable":true,"href":"http:\/\/unwwo.uno\/fr\/wp-json\/wp\/v2\/users\/1"}],"replies":[{"embeddable":true,"href":"http:\/\/unwwo.uno\/fr\/wp-json\/wp\/v2\/comments?post=690"}],"version-history":[{"count":0,"href":"http:\/\/unwwo.uno\/fr\/wp-json\/wp\/v2\/pages\/690\/revisions"}],"wp:attachment":[{"href":"http:\/\/unwwo.uno\/fr\/wp-json\/wp\/v2\/media?parent=690"}],"curies":[{"name":"wp","href":"https:\/\/api.w.org\/{rel}","templated":true}]}}