{"id":389,"date":"2020-04-26T17:16:44","date_gmt":"2020-04-26T17:16:44","guid":{"rendered":"http:\/\/works.yundic.com\/who\/?page_id=389"},"modified":"2020-07-17T02:08:57","modified_gmt":"2020-07-17T02:08:57","slug":"partenariats","status":"publish","type":"page","link":"http:\/\/unwwo.uno\/fr\/partenariats\/","title":{"rendered":"Partenariats"},"content":{"rendered":"<p><span style=\"font-weight: 400; color: #000000;\">WWO s'engage \u00e0 promouvoir la collaboration, \u00e0 mobiliser les partenariats et \u00e0 r\u00e9partir les efforts des diff\u00e9rents acteurs afin de promouvoir le d\u00e9veloppement des femmes et l'harmonie entre les sexes au niveau national et mondial. WWO travaille en \u00e9troite collaboration avec le syst\u00e8me des Nations Unies, les gouvernements, la soci\u00e9t\u00e9 civile, les organisations \u00e0 but non lucratif, les instituts de recherche et les b\u00e9n\u00e9voles afin de renforcer la collaboration et d'obtenir de meilleurs r\u00e9sultats en mati\u00e8re de d\u00e9veloppement.<\/span><\/p>\n<p><span style=\"font-size: 22px;\"><span style=\"color: #164781;\"><b>Nations Unies<\/b><\/span><\/span><\/p>\n<p><span style=\"font-weight: 400; color: #000000;\">Le WWO travaille en \u00e9troite collaboration avec les Nations Unies pour aider ses \u00c9tats membres \u00e0 r\u00e9aliser leurs priorit\u00e9s nationales et \u00e0 obtenir de meilleurs r\u00e9sultats en mati\u00e8re de d\u00e9veloppement. La WWO s'efforce d'accro\u00eetre la coh\u00e9rence, l'efficacit\u00e9 et l'efficience.<\/span><\/p>\n<p><span style=\"font-size: 22px;\"><span style=\"color: #164781;\"><b>Gouvernements et acteurs non \u00e9tatiques<\/b><\/span><\/span><\/p>\n<p><span style=\"font-weight: 400; color: #000000;\">L'engagement est un aspect essentiel du r\u00f4le de l'Organisation mondiale de la Francophonie dans le d\u00e9veloppement des femmes dans le monde. Les gouvernements et les acteurs non \u00e9tatiques jouent un r\u00f4le essentiel en aidant l'Organisation \u00e0 remplir son mandat.<\/span><\/p>\n<p><span style=\"font-size: 22px;\"><span style=\"color: #164781;\"><b>Soci\u00e9t\u00e9 civile<\/b><\/span><\/span><\/p>\n<p><span style=\"font-weight: 400; color: #000000;\">WWO travaille en \u00e9troite collaboration avec la soci\u00e9t\u00e9 civile sur la d\u00e9fense des politiques et la cr\u00e9ation de strat\u00e9gies innovantes sur le d\u00e9veloppement des femmes et l'harmonie entre les sexes. WWO veille \u00e0 ce que les voix de la soci\u00e9t\u00e9 civile soient entendues et assure leur participation aux questions de d\u00e9veloppement des femmes au niveau international.<\/span><\/p>\n<p><span style=\"font-size: 22px;\"><span style=\"color: #164781;\"><b>Organisations \u00e0 but non lucratif<\/b><\/span><\/span><\/p>\n<p><span style=\"font-weight: 400; color: #000000;\">La WWO a \u00e9tabli des partenariats avec des organisations \u00e0 but non lucratif pour lancer et mettre en \u0153uvre des programmes. En outre, WWO travaille avec des organisations \u00e0 but non lucratif pour pr\u00e9parer et organiser des conf\u00e9rences et d'autres \u00e9v\u00e9nements sur le d\u00e9veloppement des femmes et l'harmonie entre les sexes.\u00a0<\/span><\/p>\n<p><span style=\"font-size: 22px;\"><span style=\"color: #164781;\"><b>Instituts de recherche<\/b><\/span><\/span><\/p>\n<p><span style=\"font-weight: 400; color: #000000;\">La WWO collabore avec des instituts de recherche, des universit\u00e9s et des acad\u00e9mies pour mener des activit\u00e9s, mettre en \u0153uvre des programmes, effectuer des recherches sur l'\u00e9tat de l'\u00e9galit\u00e9 des sexes et analyser les progr\u00e8s du d\u00e9veloppement des femmes.<\/span><\/p>\n<p><span style=\"font-size: 22px;\"><span style=\"color: #164781;\"><b>Experts-conseils du WWO<\/b><\/span><\/span><\/p>\n<p><span style=\"font-weight: 400; color: #000000;\">Les experts consultatifs de la WWO sont un groupe d'experts aupr\u00e8s desquels la WWO obtient des conseils et un soutien techniques. Les experts sont invit\u00e9s \u00e0 participer \u00e0 une r\u00e9union du comit\u00e9 d'experts afin d'examiner et de formuler des recommandations techniques sur les strat\u00e9gies de d\u00e9veloppement de la WWO et sur l'\u00e9laboration des programmes.<\/span><\/p>\n<p><span style=\"font-size: 22px;\"><span style=\"color: #164781;\"><b>B\u00e9n\u00e9voles WWO<\/b><\/span><\/span><\/p>\n<p><span style=\"font-weight: 400; color: #000000;\">Les volontaires du WWO apportent une contribution importante pour aider les Nations Unies \u00e0 r\u00e9aliser les Objectifs de d\u00e9veloppement durable.<\/span><\/p>","protected":false},"excerpt":{"rendered":"<p>WWO is committed to promoting collaboration, mobilizing partnerships and allocating efforts of different actors to promote women development and gender harmony nationally and globally. WWO works closely with the United Nations system, governments, civil society, nonprofit organizations, research institutes and volunteers to enhance collaboration and achieve better development outcomes. United Nations WWO works closely with&hellip;<\/p>","protected":false},"author":1,"featured_media":0,"parent":0,"menu_order":0,"comment_status":"closed","ping_status":"closed","template":"","meta":{"_acf_changed":false,"passster_activate_protection":false,"passster_protect_child_pages":"","passster_protection_type":"password","passster_password":"","passster_passwords":"","passster_password_list":"","passster_password_lists":"","passster_activate_user_restriction":"","passster_user_restriction_type":"user-role","passster_user_restriction":"no-role","passster_activate_overwrite_defaults":"","passster_headline":"","passster_instruction":"","passster_placeholder":"","passster_button":"","passster_id":"","passster_activate_misc_settings":"","passster_redirect_url":"","passster_hide":"no","passster_area_shortcode":"","footnotes":""},"class_list":["post-389","page","type-page","status-publish","hentry","description-off"],"acf":[],"_links":{"self":[{"href":"http:\/\/unwwo.uno\/fr\/wp-json\/wp\/v2\/pages\/389","targetHints":{"allow":["GET"]}}],"collection":[{"href":"http:\/\/unwwo.uno\/fr\/wp-json\/wp\/v2\/pages"}],"about":[{"href":"http:\/\/unwwo.uno\/fr\/wp-json\/wp\/v2\/types\/page"}],"author":[{"embeddable":true,"href":"http:\/\/unwwo.uno\/fr\/wp-json\/wp\/v2\/users\/1"}],"replies":[{"embeddable":true,"href":"http:\/\/unwwo.uno\/fr\/wp-json\/wp\/v2\/comments?post=389"}],"version-history":[{"count":0,"href":"http:\/\/unwwo.uno\/fr\/wp-json\/wp\/v2\/pages\/389\/revisions"}],"wp:attachment":[{"href":"http:\/\/unwwo.uno\/fr\/wp-json\/wp\/v2\/media?parent=389"}],"curies":[{"name":"wp","href":"https:\/\/api.w.org\/{rel}","templated":true}]}}