{"id":388,"date":"2020-04-26T17:16:43","date_gmt":"2020-04-26T17:16:43","guid":{"rendered":"http:\/\/works.yundic.com\/who\/?page_id=388"},"modified":"2020-05-08T13:52:31","modified_gmt":"2020-05-08T13:52:31","slug":"programmes","status":"publish","type":"page","link":"http:\/\/unwwo.uno\/fr\/a-propos-de-nous-2\/programmes\/","title":{"rendered":"Programmes"},"content":{"rendered":"<p>Plus de 7000 personnes originaires de plus de 150 pays travaillent pour l'Organisation dans 150 bureaux de l'OMS dans les pays, territoires et zones, six bureaux r\u00e9gionaux, au Centre de service mondial en Malaisie et au si\u00e8ge \u00e0 Gen\u00e8ve, en Suisse.<\/p>\n<p>Outre des m\u00e9decins, des sp\u00e9cialistes de la sant\u00e9 publique, des scientifiques et des \u00e9pid\u00e9miologistes, le personnel de l'OMS comprend des personnes form\u00e9es \u00e0 la gestion des syst\u00e8mes administratifs, financiers et d'information, ainsi que des experts dans les domaines des statistiques sanitaires, de l'\u00e9conomie et des secours d'urgence.<\/p>\n<p>T\u00e9l\u00e9chargez la brochure d'entreprise ci-dessous pour en savoir plus sur les priorit\u00e9s de l'OMS, les r\u00e9gions et les jalons historiques de la sant\u00e9 mondiale :<\/p>\n<p><img fetchpriority=\"high\" decoding=\"async\" class=\"alignnone size-full wp-image-79\" src=\"http:\/\/works.yundic.com\/who\/wp-content\/uploads\/2020\/04\/yomn-banner.jpg\" alt=\"\" width=\"1024\" height=\"544\" \/><\/p>\n<div class=\"section-heading\">\n<h3>Strat\u00e9gie de r\u00e9novation du si\u00e8ge de l'OMS \u00e0 Gen\u00e8ve<\/h3>\n<\/div>\n<p>La r\u00e9novation \u00e0 Gen\u00e8ve vise \u00e0 accro\u00eetre l'efficacit\u00e9 du site et \u00e0 r\u00e9duire le budget op\u00e9rationnel en investissant \u00e0 long terme dans un b\u00e2timent moderne, de haute qualit\u00e9 et \u00e9conome en \u00e9nergie.<\/p>\n<p>Plus de 7000 personnes originaires de plus de 150 pays travaillent pour l'Organisation dans 150 bureaux de l'OMS dans les pays, territoires et zones, six bureaux r\u00e9gionaux, au Centre de service mondial en Malaisie et au si\u00e8ge \u00e0 Gen\u00e8ve, en Suisse.<\/p>\n<p>Outre des m\u00e9decins, des sp\u00e9cialistes de la sant\u00e9 publique, des scientifiques et des \u00e9pid\u00e9miologistes, le personnel de l'OMS comprend des personnes form\u00e9es \u00e0 la gestion des syst\u00e8mes administratifs, financiers et d'information, ainsi que des experts dans les domaines des statistiques sanitaires, de l'\u00e9conomie et des secours d'urgence.<\/p>\n<p>T\u00e9l\u00e9chargez la brochure d'entreprise ci-dessous pour en savoir plus sur les priorit\u00e9s de l'OMS, les r\u00e9gions et les jalons historiques de la sant\u00e9 mondiale :<\/p>","protected":false},"excerpt":{"rendered":"<p>More than 7000 people from more than 150 countries work for the Organization in 150 WHO offices in countries, territories and areas, six regional offices, at the Global Service Centre in Malaysia and at the headquarters in Geneva, Switzerland. In addition to medical doctors, public health specialists, scientists and epidemiologists, WHO staff include people trained&hellip;<\/p>","protected":false},"author":1,"featured_media":0,"parent":281,"menu_order":0,"comment_status":"closed","ping_status":"closed","template":"","meta":{"_acf_changed":false,"passster_activate_protection":false,"passster_protect_child_pages":"","passster_protection_type":"password","passster_password":"","passster_passwords":"","passster_password_list":"","passster_password_lists":"","passster_activate_user_restriction":"","passster_user_restriction_type":"user-role","passster_user_restriction":"no-role","passster_activate_overwrite_defaults":"","passster_headline":"","passster_instruction":"","passster_placeholder":"","passster_button":"","passster_id":"","passster_activate_misc_settings":"","passster_redirect_url":"","passster_hide":"no","passster_area_shortcode":"","footnotes":""},"class_list":["post-388","page","type-page","status-publish","hentry","description-off"],"acf":[],"_links":{"self":[{"href":"http:\/\/unwwo.uno\/fr\/wp-json\/wp\/v2\/pages\/388","targetHints":{"allow":["GET"]}}],"collection":[{"href":"http:\/\/unwwo.uno\/fr\/wp-json\/wp\/v2\/pages"}],"about":[{"href":"http:\/\/unwwo.uno\/fr\/wp-json\/wp\/v2\/types\/page"}],"author":[{"embeddable":true,"href":"http:\/\/unwwo.uno\/fr\/wp-json\/wp\/v2\/users\/1"}],"replies":[{"embeddable":true,"href":"http:\/\/unwwo.uno\/fr\/wp-json\/wp\/v2\/comments?post=388"}],"version-history":[{"count":0,"href":"http:\/\/unwwo.uno\/fr\/wp-json\/wp\/v2\/pages\/388\/revisions"}],"up":[{"embeddable":true,"href":"http:\/\/unwwo.uno\/fr\/wp-json\/wp\/v2\/pages\/281"}],"wp:attachment":[{"href":"http:\/\/unwwo.uno\/fr\/wp-json\/wp\/v2\/media?parent=388"}],"curies":[{"name":"wp","href":"https:\/\/api.w.org\/{rel}","templated":true}]}}