{"id":386,"date":"2020-04-26T17:16:36","date_gmt":"2020-04-26T17:16:36","guid":{"rendered":"http:\/\/works.yundic.com\/who\/?page_id=386"},"modified":"2024-03-09T17:46:32","modified_gmt":"2024-03-09T17:46:32","slug":"ce-que-nous-faisons","status":"publish","type":"page","link":"http:\/\/unwwo.uno\/fr\/ce-que-nous-faisons\/","title":{"rendered":"Ce que nous faisons"},"content":{"rendered":"<div class=\"wpb-content-wrapper\"><div class=\"vc_row wpb_row vc_row-fluid\"><div class=\"wpb_column vc_column_container vc_col-sm-12\"><div class=\"vc_column-inner\"><div class=\"wpb_wrapper\">\n\t<div  class=\"wpb_single_image wpb_content_element vc_align_center\">\n\t\t\n\t\t<figure class=\"wpb_wrapper vc_figure\">\n\t\t\t<div class=\"vc_single_image-wrapper   vc_box_border_grey\"><img fetchpriority=\"high\" decoding=\"async\" width=\"750\" height=\"422\" src=\"http:\/\/unwwo.uno\/wp-content\/uploads\/2020\/07\/WWODiagramOval-1.png\" class=\"vc_single_image-img attachment-full\" alt=\"\" title=\"WWODiagramOval (1)\" srcset=\"http:\/\/unwwo.uno\/wp-content\/uploads\/2020\/07\/WWODiagramOval-1.png 750w, http:\/\/unwwo.uno\/wp-content\/uploads\/2020\/07\/WWODiagramOval-1-300x169.png 300w\" sizes=\"(max-width: 750px) 100vw, 750px\"  data-dt-location=\"http:\/\/unwwo.uno\/fr\/what-we-do\/wwodiagramoval-1\/\" \/><\/div>\n\t\t<\/figure>\n\t<\/div>\n<\/div><\/div><\/div><\/div><div class=\"vc_row wpb_row vc_row-fluid\"><div class=\"wpb_column vc_column_container vc_col-sm-12\"><div class=\"vc_column-inner\"><div class=\"wpb_wrapper\">\n\t<div class=\"wpb_text_column wpb_content_element\" >\n\t\t<div class=\"wpb_wrapper\">\n\t\t\t<p><span style=\"color: #000000;\">D\u00e9claration d'intention : Am\u00e9liorer la compr\u00e9hension, l'\u00e9quit\u00e9 et la coop\u00e9ration entre les hommes et les femmes dans tous les aspects de la vie. Cela inclut des domaines tels que la sant\u00e9, l'\u00e9ducation, l'instruction civique, l'environnement et le bien-\u00eatre \u00e9conomique.<\/span><\/p>\n<p>&nbsp;<\/p>\n<p><span style=\"font-weight: 400; color: #000000;\">L'Organisation mondiale de la femme (OMF) estime que le d\u00e9veloppement global de la femme d\u00e9pend de la pleine r\u00e9alisation des droits fondamentaux, de la sant\u00e9, de l'\u00e9ducation et de l'ind\u00e9pendance \u00e9conomique au sein d'une communaut\u00e9 solidaire et durable. Pour atteindre ces objectifs, l'UNWWO se concentre sur les r\u00e9formes \u00e9conomiques, politiques, sociales et \u00e9cologiques par le biais d'actions de plaidoyer et de programmes individuels. Pour mener \u00e0 bien ces r\u00e9formes, l'UNWWO cr\u00e9e des sous-comit\u00e9s charg\u00e9s de trouver des solutions aux plus grands d\u00e9fis auxquels les femmes sont confront\u00e9es aujourd'hui.\u00a0<\/span><\/p>\n<p>&nbsp;<\/p>\n<p><span style=\"font-weight: 400; color: #000000;\">L'UNWO collabore avec des dirigeants issus d'un large \u00e9ventail de secteurs, notamment les gouvernements, les organisations \u00e0 but non lucratif, la soci\u00e9t\u00e9 civile, le monde universitaire et les entreprises. L'UNWWO \u00e9tablit \u00e9galement des partenariats avec des organisations qui fournissent des services aux femmes. L'UNWWO unit les femmes et leur donne les moyens de faire progresser la r\u00e9forme en faveur de l'\u00e9galit\u00e9 des sexes pour le progr\u00e8s \u00e9conomique, politique, social et \u00e9cologique.<\/span><\/p>\n\n\t\t<\/div>\n\t<\/div>\n<\/div><\/div><\/div><\/div>\n<\/div>","protected":false},"excerpt":{"rendered":"<p>Vision Statement: Improved understanding, fairness, and cooperation between Gender in all aspects of life. This includes areas such as health, education, civics, environment, and economic well-being. &nbsp; The World Women Organization (UNWWO) believes that the overall development of the individual woman relies on the full realization of fundamental rights, health, education and economic independence within&hellip;<\/p>","protected":false},"author":1,"featured_media":0,"parent":0,"menu_order":0,"comment_status":"closed","ping_status":"closed","template":"","meta":{"_acf_changed":false,"passster_activate_protection":false,"passster_protect_child_pages":"","passster_protection_type":"password","passster_password":"","passster_passwords":"","passster_password_list":"","passster_password_lists":"","passster_activate_user_restriction":"","passster_user_restriction_type":"user-role","passster_user_restriction":"no-role","passster_activate_overwrite_defaults":"","passster_headline":"","passster_instruction":"","passster_placeholder":"","passster_button":"","passster_id":"","passster_activate_misc_settings":"","passster_redirect_url":"","passster_hide":"no","passster_area_shortcode":"","footnotes":""},"class_list":["post-386","page","type-page","status-publish","hentry","description-off"],"acf":[],"_links":{"self":[{"href":"http:\/\/unwwo.uno\/fr\/wp-json\/wp\/v2\/pages\/386","targetHints":{"allow":["GET"]}}],"collection":[{"href":"http:\/\/unwwo.uno\/fr\/wp-json\/wp\/v2\/pages"}],"about":[{"href":"http:\/\/unwwo.uno\/fr\/wp-json\/wp\/v2\/types\/page"}],"author":[{"embeddable":true,"href":"http:\/\/unwwo.uno\/fr\/wp-json\/wp\/v2\/users\/1"}],"replies":[{"embeddable":true,"href":"http:\/\/unwwo.uno\/fr\/wp-json\/wp\/v2\/comments?post=386"}],"version-history":[{"count":0,"href":"http:\/\/unwwo.uno\/fr\/wp-json\/wp\/v2\/pages\/386\/revisions"}],"wp:attachment":[{"href":"http:\/\/unwwo.uno\/fr\/wp-json\/wp\/v2\/media?parent=386"}],"curies":[{"name":"wp","href":"https:\/\/api.w.org\/{rel}","templated":true}]}}