{"id":385,"date":"2020-04-26T17:16:30","date_gmt":"2020-04-26T17:16:30","guid":{"rendered":"http:\/\/works.yundic.com\/who\/?page_id=385"},"modified":"2025-01-01T06:38:05","modified_gmt":"2025-01-01T06:38:05","slug":"qui-nous-sommes","status":"publish","type":"page","link":"http:\/\/unwwo.uno\/fr\/qui-nous-sommes\/","title":{"rendered":"Qui sommes-nous ?"},"content":{"rendered":"<div class=\"wpb-content-wrapper\"><div class=\"vc_row wpb_row vc_row-fluid\"><div class=\"wpb_column vc_column_container vc_col-sm-8\"><div class=\"vc_column-inner\"><div class=\"wpb_wrapper\">\n\t<div class=\"wpb_text_column wpb_content_element\" >\n\t\t<div class=\"wpb_wrapper\">\n\t\t\t<p><span style=\"color: #000000;\"><span style=\"font-weight: 400;\">L'Organisation mondiale des femmes (UNWWO) est une organisation internationale \u00e0 caract\u00e8re caritatif qui se concentre principalement sur l'harmonie entre les sexes, les droits des femmes au d\u00e9veloppement et la fiert\u00e9 de la famille comme programme phare. En reconnaissance du concept d'\u00e9galit\u00e9 des sexes, l'UNWO consid\u00e8re fermement que l'harmonie entre les sexes est la pierre angulaire d'une soci\u00e9t\u00e9 harmonieuse. Nous promouvons le droit des femmes au d\u00e9veloppement et \u00e0 la paix humaine. En tant qu'organisation \u00e0 but non lucratif, l'UNWO travaille avec les gouvernements, les ONG, les soci\u00e9t\u00e9s civiles, les universit\u00e9s et les entreprises pour atteindre les normes les plus \u00e9lev\u00e9es en mati\u00e8re de d\u00e9veloppement global des femmes dans le monde entier.\u00a0<\/span><\/span><\/p>\n<p>&nbsp;<\/p>\n<p><span style=\"font-weight: 400; color: #000000;\">\u00c9tablie \u00e0 New York, l'UNWWO reconna\u00eet et d\u00e9fend les efforts d\u00e9ploy\u00e9s par les Nations unies pour parvenir \u00e0 la paix, \u00e0 la dignit\u00e9 et \u00e0 l'\u00e9galit\u00e9 sur une plan\u00e8te en bonne sant\u00e9.<\/span><\/p>\n\n\t\t<\/div>\n\t<\/div>\n<\/div><\/div><\/div><div class=\"wpb_column vc_column_container vc_col-sm-4\"><div class=\"vc_column-inner\"><div class=\"wpb_wrapper\">\n\t<div  class=\"wpb_single_image wpb_content_element vc_align_center\">\n\t\t\n\t\t<figure class=\"wpb_wrapper vc_figure\">\n\t\t\t<div class=\"vc_single_image-wrapper   vc_box_border_grey\"><img decoding=\"async\" width=\"115\" height=\"150\" src=\"http:\/\/unwwo.uno\/wp-content\/uploads\/2021\/07\/Gender-Harmony-logo.png\" class=\"vc_single_image-img attachment-thumbnail\" alt=\"\" title=\"Logo Gender Harmony\" srcset=\"http:\/\/unwwo.uno\/wp-content\/uploads\/2021\/07\/Gender-Harmony-logo.png 2875w, http:\/\/unwwo.uno\/wp-content\/uploads\/2021\/07\/Gender-Harmony-logo-230x300.png 230w\" sizes=\"(max-width: 115px) 100vw, 115px\"  data-dt-location=\"http:\/\/unwwo.uno\/fr\/who-we-are\/gender-harmony-logo\/\" \/><\/div>\n\t\t<\/figure>\n\t<\/div>\n\n\t<div class=\"wpb_text_column wpb_content_element  vc_custom_1675873979151\" >\n\t\t<div class=\"wpb_wrapper\">\n\t\t\t<p><span style=\"color: #ffffff;\">Con\u00e7ue par la WWO, elle signifie que l'harmonie entre les sexes est la pierre angulaire d'une soci\u00e9t\u00e9 harmonieuse\uff0cpour parvenir \u00e0 la paix humaine\u3002.<\/span><\/p>\n\n\t\t<\/div>\n\t<\/div>\n<\/div><\/div><\/div><\/div><div class=\"vc_row wpb_row vc_row-fluid\"><div class=\"wpb_column vc_column_container vc_col-sm-4\"><div class=\"vc_column-inner\"><div class=\"wpb_wrapper\">\n\t<div  class=\"wpb_single_image wpb_content_element vc_align_center\">\n\t\t\n\t\t<figure class=\"wpb_wrapper vc_figure\">\n\t\t\t<div class=\"vc_single_image-wrapper   vc_box_border_grey\"><img decoding=\"async\" width=\"150\" height=\"150\" src=\"http:\/\/unwwo.uno\/wp-content\/uploads\/2023\/07\/WWO-Logo-150x150.png\" class=\"vc_single_image-img attachment-thumbnail\" alt=\"\" title=\"WWO-Logo\" srcset=\"http:\/\/unwwo.uno\/wp-content\/uploads\/2023\/07\/WWO-Logo-150x150.png 150w, http:\/\/unwwo.uno\/wp-content\/uploads\/2023\/07\/WWO-Logo-640x640.png 640w\" sizes=\"(max-width: 150px) 100vw, 150px\"  data-dt-location=\"http:\/\/unwwo.uno\/fr\/who-we-are\/wwo-logo-2\/\" \/><\/div>\n\t\t<\/figure>\n\t<\/div>\n<\/div><\/div><\/div><div class=\"wpb_column vc_column_container vc_col-sm-8\"><div class=\"vc_column-inner\"><div class=\"wpb_wrapper\">\n\t<div class=\"wpb_text_column wpb_content_element  vc_custom_1634702518769\" >\n\t\t<div class=\"wpb_wrapper\">\n\t\t\t<p><span style=\"color: #ffffff;\">La marque consiste en un globe bleu avec des lignes parall\u00e8les et m\u00e9ridiennes courbes bleues entour\u00e9es de deux palmiers bleus, avec un dessin bleu stylis\u00e9 d'une femme \u00e0 l'int\u00e9rieur du globe. Trois \u00e9toiles bleues apparaissent \u00e0 gauche et \u00e0 droite de la femme et deux rubans bleus entrecrois\u00e9s apparaissent sous le globe. Au-dessous de ce dessin figure la mention \"ORGANISATION MONDIALE DES FEMMES\" en texte bleu. La couleur blanche repr\u00e9sente l'arri\u00e8re-plan, le contour, l'ombrage et\/ou la zone transparente et ne fait pas partie de la marque.<\/span><\/p>\n\n\t\t<\/div>\n\t<\/div>\n<\/div><\/div><\/div><\/div><div class=\"vc_row wpb_row vc_row-fluid\"><div class=\"wpb_column vc_column_container vc_col-sm-12\"><div class=\"vc_column-inner\"><div class=\"wpb_wrapper\">\n<div class=\"vc-zigzag-wrapper vc-zigzag-align-center\"><div class=\"vc-zigzag-inner\" style=\"width: 100%;min-height: 14px;background: 0 repeat-x url(&#039;data:image\/svg+xml;utf-8,%3C%3Fxml%20version%3D%221.0%22%20encoding%3D%22utf-8%22%3F%3E%3C%21DOCTYPE%20svg%20PUBLIC%20%22-%2F%2FW3C%2F%2FDTD%20SVG%201.1%2F%2FEN%22%20%22http%3A%2F%2Fwww.w3.org%2FGraphics%2FSVG%2F1.1%2FDTD%2Fsvg11.dtd%22%3E%3Csvg%20width%3D%2214px%22%20height%3D%2212px%22%20viewBox%3D%220%200%2018%2015%22%20version%3D%221.1%22%20xmlns%3D%22http%3A%2F%2Fwww.w3.org%2F2000%2Fsvg%22%20xmlns%3Axlink%3D%22http%3A%2F%2Fwww.w3.org%2F1999%2Fxlink%22%3E%3Cpolygon%20id%3D%22Combined-Shape%22%20fill%3D%22%23184984%22%20points%3D%228.98762301%200%200%209.12771969%200%2014.519983%209%205.40479869%2018%2014.519983%2018%209.12771969%22%3E%3C%2Fpolygon%3E%3C%2Fsvg%3E&#039;);\"><\/div><\/div><\/div><\/div><\/div><\/div><div class=\"vc_row wpb_row vc_row-fluid\"><div class=\"wpb_column vc_column_container vc_col-sm-12\"><div class=\"vc_column-inner\"><div class=\"wpb_wrapper\">\n\t<div class=\"wpb_text_column wpb_content_element\" >\n\t\t<div class=\"wpb_wrapper\">\n\t\t\t<h6><\/h6>\n<div style=\"font-size: 20px; text-align: center;\"><span style=\"color: #444444;\"><b>Vision<\/b><\/span><\/div>\n<p>&nbsp;<\/p>\n<p style=\"text-align: center;\"><span style=\"font-weight: 400; color: #444444;\">L'UNWWO s'engage \u00e0 faire progresser le d\u00e9veloppement global des femmes dans le monde entier afin d'assurer un avenir pacifique, digne et \u00e9quitable \u00e0 l'ensemble de l'humanit\u00e9.\u00a0<\/span><\/p>\n\n\t\t<\/div>\n\t<\/div>\n<\/div><\/div><\/div><\/div><div class=\"vc_row wpb_row vc_row-fluid\"><div class=\"wpb_column vc_column_container vc_col-sm-12\"><div class=\"vc_column-inner\"><div class=\"wpb_wrapper\">\n<div class=\"vc-zigzag-wrapper vc-zigzag-align-center\"><div class=\"vc-zigzag-inner\" style=\"width: 100%;min-height: 14px;background: 0 repeat-x url(&#039;data:image\/svg+xml;utf-8,%3C%3Fxml%20version%3D%221.0%22%20encoding%3D%22utf-8%22%3F%3E%3C%21DOCTYPE%20svg%20PUBLIC%20%22-%2F%2FW3C%2F%2FDTD%20SVG%201.1%2F%2FEN%22%20%22http%3A%2F%2Fwww.w3.org%2FGraphics%2FSVG%2F1.1%2FDTD%2Fsvg11.dtd%22%3E%3Csvg%20width%3D%2214px%22%20height%3D%2212px%22%20viewBox%3D%220%200%2018%2015%22%20version%3D%221.1%22%20xmlns%3D%22http%3A%2F%2Fwww.w3.org%2F2000%2Fsvg%22%20xmlns%3Axlink%3D%22http%3A%2F%2Fwww.w3.org%2F1999%2Fxlink%22%3E%3Cpolygon%20id%3D%22Combined-Shape%22%20fill%3D%22%23184984%22%20points%3D%228.98762301%200%200%209.12771969%200%2014.519983%209%205.40479869%2018%2014.519983%2018%209.12771969%22%3E%3C%2Fpolygon%3E%3C%2Fsvg%3E&#039;);\"><\/div><\/div><\/div><\/div><\/div><\/div><div class=\"vc_row wpb_row vc_row-fluid\"><div class=\"wpb_column vc_column_container vc_col-sm-12\"><div class=\"vc_column-inner\"><div class=\"wpb_wrapper\">\n\t<div class=\"wpb_text_column wpb_content_element\" >\n\t\t<div class=\"wpb_wrapper\">\n\t\t\t<h6><\/h6>\n<div style=\"font-size: 20px; text-align: center;\"><span style=\"color: #444444;\"><b>La mission<\/b><\/span><\/div>\n<p>&nbsp;<\/p>\n<div class=\"page\" title=\"Page 2\">\n<div class=\"section\">\n<div class=\"layoutArea\">\n<div class=\"column\">\n<p style=\"text-align: center;\"><span style=\"color: #000000;\">Les femmes, en tant que groupe humain, s'engagent \u00e0 promouvoir le d\u00e9veloppement durable commun de l'humanit\u00e9 et du monde. L'UNWWO s'efforce de promouvoir le d\u00e9veloppement durable commun des femmes et du monde, afin qu'elles puissent r\u00e9aliser leur plein potentiel dans tous les domaines, y compris les droits fondamentaux, la sant\u00e9, l'\u00e9ducation et l'ind\u00e9pendance \u00e9conomique au sein d'une communaut\u00e9 solidaire et durable. L'UNWWO travaille en collaboration pour obtenir des impacts mesurables \u00e0 la fois au niveau local et mondial, en mettant en relation des leaders et des d\u00e9fenseurs du monde entier pour promouvoir le d\u00e9veloppement global des femmes.<\/span><\/p>\n<\/div>\n<\/div>\n<\/div>\n<\/div>\n\n\t\t<\/div>\n\t<\/div>\n<\/div><\/div><\/div><\/div><div class=\"vc_row wpb_row vc_row-fluid\"><div class=\"wpb_column vc_column_container vc_col-sm-12\"><div class=\"vc_column-inner\"><div class=\"wpb_wrapper\">\n<div class=\"vc-zigzag-wrapper vc-zigzag-align-center\"><div class=\"vc-zigzag-inner\" style=\"width: 100%;min-height: 14px;background: 0 repeat-x url(&#039;data:image\/svg+xml;utf-8,%3C%3Fxml%20version%3D%221.0%22%20encoding%3D%22utf-8%22%3F%3E%3C%21DOCTYPE%20svg%20PUBLIC%20%22-%2F%2FW3C%2F%2FDTD%20SVG%201.1%2F%2FEN%22%20%22http%3A%2F%2Fwww.w3.org%2FGraphics%2FSVG%2F1.1%2FDTD%2Fsvg11.dtd%22%3E%3Csvg%20width%3D%2214px%22%20height%3D%2212px%22%20viewBox%3D%220%200%2018%2015%22%20version%3D%221.1%22%20xmlns%3D%22http%3A%2F%2Fwww.w3.org%2F2000%2Fsvg%22%20xmlns%3Axlink%3D%22http%3A%2F%2Fwww.w3.org%2F1999%2Fxlink%22%3E%3Cpolygon%20id%3D%22Combined-Shape%22%20fill%3D%22%23184984%22%20points%3D%228.98762301%200%200%209.12771969%200%2014.519983%209%205.40479869%2018%2014.519983%2018%209.12771969%22%3E%3C%2Fpolygon%3E%3C%2Fsvg%3E&#039;);\"><\/div><\/div><\/div><\/div><\/div><\/div><div class=\"vc_row wpb_row vc_row-fluid\"><div class=\"wpb_column vc_column_container vc_col-sm-12\"><div class=\"vc_column-inner\"><div class=\"wpb_wrapper\">\n\t<div class=\"wpb_text_column wpb_content_element\" >\n\t\t<div class=\"wpb_wrapper\">\n\t\t\t<h6 style=\"text-align: center;\"><\/h6>\n<div style=\"font-size: 20px; text-align: center;\"><span style=\"color: #444444;\"><b>Les dix principes de l'UNWWO<\/b><\/span><\/div>\n<p>&nbsp;<\/p>\n<div class=\"section\">\n<div class=\"layoutArea\">\n<div class=\"column\">\n<ul>\n<li><span style=\"color: #333333;\">Principe 1 : La promotion des droits des femmes au d\u00e9veloppement repose sur le respect et le maintien de l'harmonie entre les sexes.<\/span><\/li>\n<li><span style=\"color: #333333;\">Principe 2 : Ne pas mener ou participer \u00e0 des actions qui ignorent ou pi\u00e9tinent les femmes ;<\/span><\/li>\n<li><span style=\"color: #333333;\">Principe 3 : Maintenir l'harmonie entre les sexes en recherchant un terrain d'entente tout en pr\u00e9servant les diff\u00e9rences.<\/span><\/li>\n<li><span style=\"color: #333333;\">Principe 4 : Soutenir l'\u00e9limination de toutes les formes de discrimination fond\u00e9e sur le sexe ;<\/span><\/li>\n<li><span style=\"color: #333333;\">Principe 5 : Soutenir l'\u00e9radication de la violence domestique ;<\/span><\/li>\n<li><span style=\"color: #333333;\">Principe 6 : reconna\u00eetre que l'harmonie entre les sexes, qui comprend le d\u00e9veloppement appropri\u00e9 du potentiel et l'\u00e9panouissement personnel, constitue une solution mondiale pour am\u00e9liorer la soci\u00e9t\u00e9, les valeurs familiales et la productivit\u00e9 nationale ;<\/span><\/li>\n<li><span style=\"color: #333333;\">Principe 7 : Soutenir l'\u00e9limination de toute discrimination en mati\u00e8re d'emploi et de profession ;<\/span><\/li>\n<li><span style=\"color: #333333;\">Principe 8 : Il convient d'encourager le d\u00e9veloppement et la promotion de technologies favorables \u00e0 l'esprit d'entreprise des femmes ;<\/span><\/li>\n<li><span style=\"color: #333333;\">Principe 9 : Toutes les formes de corruption, y compris l'extorsion et les pots-de-vin, doivent \u00eatre d\u00e9courag\u00e9es.<\/span><\/li>\n<li><span style=\"color: #333333;\">Principe 10 : volont\u00e9 d'\u00e9tablir des liens avec des organisations de d\u00e9veloppement durable dans le monde entier afin de promouvoir une meilleure compr\u00e9hension pour am\u00e9liorer les relations hommes-femmes et la coop\u00e9ration en vue d'un d\u00e9veloppement inclusif et de solutions pacifiques.<\/span><\/li>\n<\/ul>\n<\/div>\n<\/div>\n<\/div>\n\n\t\t<\/div>\n\t<\/div>\n<\/div><\/div><\/div><\/div>\n<\/div>","protected":false},"excerpt":{"rendered":"<p>The World Women Organization (UNWWO) is an International Organization with Public Charity fundamentals that focuses mainly on achieving Gender Harmony, Women Development Rights and Family Pride as its flagship program. In recognition of the concept of gender equality, the UNWWO firmly takes gender harmony as the cornerstone of a harmonious society. We promote women&#8217;s right&hellip;<\/p>","protected":false},"author":1,"featured_media":0,"parent":0,"menu_order":0,"comment_status":"closed","ping_status":"closed","template":"","meta":{"_acf_changed":false,"passster_activate_protection":false,"passster_protect_child_pages":"","passster_protection_type":"password","passster_password":"","passster_passwords":"","passster_password_list":"","passster_password_lists":"","passster_activate_user_restriction":"","passster_user_restriction_type":"user-role","passster_user_restriction":"no-role","passster_activate_overwrite_defaults":"","passster_headline":"","passster_instruction":"","passster_placeholder":"","passster_button":"","passster_id":"","passster_activate_misc_settings":"","passster_redirect_url":"","passster_hide":"no","passster_area_shortcode":"","footnotes":""},"class_list":["post-385","page","type-page","status-publish","hentry","description-off"],"acf":[],"_links":{"self":[{"href":"http:\/\/unwwo.uno\/fr\/wp-json\/wp\/v2\/pages\/385","targetHints":{"allow":["GET"]}}],"collection":[{"href":"http:\/\/unwwo.uno\/fr\/wp-json\/wp\/v2\/pages"}],"about":[{"href":"http:\/\/unwwo.uno\/fr\/wp-json\/wp\/v2\/types\/page"}],"author":[{"embeddable":true,"href":"http:\/\/unwwo.uno\/fr\/wp-json\/wp\/v2\/users\/1"}],"replies":[{"embeddable":true,"href":"http:\/\/unwwo.uno\/fr\/wp-json\/wp\/v2\/comments?post=385"}],"version-history":[{"count":3,"href":"http:\/\/unwwo.uno\/fr\/wp-json\/wp\/v2\/pages\/385\/revisions"}],"predecessor-version":[{"id":3395,"href":"http:\/\/unwwo.uno\/fr\/wp-json\/wp\/v2\/pages\/385\/revisions\/3395"}],"wp:attachment":[{"href":"http:\/\/unwwo.uno\/fr\/wp-json\/wp\/v2\/media?parent=385"}],"curies":[{"name":"wp","href":"https:\/\/api.w.org\/{rel}","templated":true}]}}