{"id":287,"date":"2019-12-02T00:25:26","date_gmt":"2019-12-01T16:25:26","guid":{"rendered":"http:\/\/works.yundic.com\/gcsrf\/?page_id=20"},"modified":"2020-07-17T02:05:30","modified_gmt":"2020-07-17T02:05:30","slug":"evenements-a-venir","status":"publish","type":"page","link":"http:\/\/unwwo.uno\/fr\/evenements\/evenements-a-venir\/","title":{"rendered":"\u00c9v\u00e9nements \u00e0 venir"},"content":{"rendered":"<div class=\"wpb-content-wrapper\"><div class=\"vc_row wpb_row vc_row-fluid\"><div class=\"wpb_column vc_column_container vc_col-sm-12\"><div class=\"vc_column-inner\"><div class=\"wpb_wrapper\"><style type=\"text\/css\" data-type=\"the7_shortcodes-inline-css\">.blog-shortcode.blog-list-shortcode-id-d4a1f1f853d3253bfa290682cad7f634.dividers-on.classic-layout-list article {\n  margin-top: 30px;\n  padding-top: 0;\n}\n.blog-shortcode.blog-list-shortcode-id-d4a1f1f853d3253bfa290682cad7f634.dividers-on.classic-layout-list article:first-of-type {\n  margin-top: 0;\n  padding-top: 0;\n}\n.blog-shortcode.blog-list-shortcode-id-d4a1f1f853d3253bfa290682cad7f634.classic-layout-list.mode-list .post-thumbnail-wrap {\n  width: 20%;\n}\n.blog-shortcode.blog-list-shortcode-id-d4a1f1f853d3253bfa290682cad7f634.classic-layout-list.mode-list .post-entry-content {\n  width: calc(100% - 20%);\n}\n.blog-shortcode.blog-list-shortcode-id-d4a1f1f853d3253bfa290682cad7f634.classic-layout-list.mode-list .no-img .post-entry-content {\n  width: 100%;\n}\n.blog-shortcode.blog-list-shortcode-id-d4a1f1f853d3253bfa290682cad7f634 .filter-bg-decoration .filter-categories a.act {\n  color: #fff;\n}\n.blog-shortcode.blog-list-shortcode-id-d4a1f1f853d3253bfa290682cad7f634:not(.mode-masonry) article {\n  margin-top: 30px;\n}\n.blog-shortcode.blog-list-shortcode-id-d4a1f1f853d3253bfa290682cad7f634:not(.mode-masonry) article:first-of-type,\n.blog-shortcode.blog-list-shortcode-id-d4a1f1f853d3253bfa290682cad7f634:not(.mode-masonry) article.visible.first:not(.product) {\n  margin-top: 0;\n}\n.blog-shortcode.blog-list-shortcode-id-d4a1f1f853d3253bfa290682cad7f634.dividers-on:not(.mode-masonry) article {\n  margin-top: 0;\n  padding-top: 30px;\n}\n.blog-shortcode.blog-list-shortcode-id-d4a1f1f853d3253bfa290682cad7f634.dividers-on:not(.mode-masonry) article:first-of-type,\n.blog-shortcode.blog-list-shortcode-id-d4a1f1f853d3253bfa290682cad7f634.dividers-on:not(.mode-masonry) article.visible.first:not(.product) {\n  margin-top: 0;\n  padding-top: 0;\n}\n.blog-shortcode.blog-list-shortcode-id-d4a1f1f853d3253bfa290682cad7f634 .post-thumbnail-wrap {\n  padding: 0px 0px 0px 0px;\n}\n.blog-shortcode.blog-list-shortcode-id-d4a1f1f853d3253bfa290682cad7f634.enable-bg-rollover .post-thumbnail-rollover:after {\n  background: -webkit-linear-gradient();\n  background: linear-gradient();\n}\n.blog-shortcode.blog-list-shortcode-id-d4a1f1f853d3253bfa290682cad7f634 .gallery-zoom-ico {\n  width: 44px;\n  height: 44px;\n  line-height: 44px;\n  border-radius: 100px;\n  margin: -22px 0 0 -22px;\n  border-width: 0px;\n  color: #ffffff;\n}\n.bottom-overlap-layout-list.blog-shortcode.blog-list-shortcode-id-d4a1f1f853d3253bfa290682cad7f634 .gallery-zoom-ico {\n  margin-top: -22px;\n}\n.gradient-overlay-layout-list.blog-shortcode.blog-list-shortcode-id-d4a1f1f853d3253bfa290682cad7f634 .gallery-zoom-ico,\n.content-rollover-layout-list.blog-shortcode.blog-list-shortcode-id-d4a1f1f853d3253bfa290682cad7f634 .gallery-zoom-ico {\n  margin: 0 0 10px;\n}\n.content-align-center.gradient-overlay-layout-list.blog-shortcode.blog-list-shortcode-id-d4a1f1f853d3253bfa290682cad7f634 .gallery-zoom-ico,\n.content-align-center.content-rollover-layout-list.blog-shortcode.blog-list-shortcode-id-d4a1f1f853d3253bfa290682cad7f634 .gallery-zoom-ico {\n  margin: 0 auto 10px;\n}\n.dt-icon-bg-on.blog-shortcode.blog-list-shortcode-id-d4a1f1f853d3253bfa290682cad7f634 .gallery-zoom-ico {\n  background: rgba(255,255,255,0.3);\n  box-shadow: none;\n}\n.blog-shortcode.blog-list-shortcode-id-d4a1f1f853d3253bfa290682cad7f634 .gallery-zoom-ico > span,\n.blog-shortcode.blog-list-shortcode-id-d4a1f1f853d3253bfa290682cad7f634 .gallery-zoom-ico:before {\n  font-size: 32px;\n  line-height: 44px;\n}\n.blog-shortcode.blog-list-shortcode-id-d4a1f1f853d3253bfa290682cad7f634 .gallery-zoom-ico > span,\n.blog-shortcode.blog-list-shortcode-id-d4a1f1f853d3253bfa290682cad7f634 .gallery-zoom-ico:before {\n  color: #ffffff;\n}\n.blog-shortcode.blog-list-shortcode-id-d4a1f1f853d3253bfa290682cad7f634 .fancy-date a {\n  background: #ffffff;\n  box-shadow: none;\n}\n.blog-shortcode.blog-list-shortcode-id-d4a1f1f853d3253bfa290682cad7f634 .fancy-date a * {\n  color: #2d2d2d;\n}\n.blog-shortcode.blog-list-shortcode-id-d4a1f1f853d3253bfa290682cad7f634 .entry-title,\n.blog-shortcode.blog-list-shortcode-id-d4a1f1f853d3253bfa290682cad7f634.owl-carousel .entry-title {\n  margin-bottom: 5px;\n  font-size: 18px;\n  line-height: 26px;\n  font-weight: bold;\n}\n.blog-shortcode.blog-list-shortcode-id-d4a1f1f853d3253bfa290682cad7f634 .entry-meta {\n  margin-bottom: 0px;\n}\n.blog-shortcode.blog-list-shortcode-id-d4a1f1f853d3253bfa290682cad7f634 .entry-meta * {\n  font-size: 14px;\n}\n.blog-shortcode.blog-list-shortcode-id-d4a1f1f853d3253bfa290682cad7f634 .portfolio-categories {\n  margin-bottom: 0px;\n}\n.blog-shortcode.blog-list-shortcode-id-d4a1f1f853d3253bfa290682cad7f634 .entry-excerpt {\n  margin-bottom: 5px;\n  font-size: 16px;\n}\n.blog-shortcode.blog-list-shortcode-id-d4a1f1f853d3253bfa290682cad7f634:not(.centered-layout-list) .post-entry-content {\n  padding: 25px 25px 25px 25px;\n}\n.blog-shortcode.blog-list-shortcode-id-d4a1f1f853d3253bfa290682cad7f634:not(.centered-layout-list):not(.content-bg-on):not(.mode-list) .no-img .post-entry-content {\n  padding: 0;\n}\n@media screen and (max-width: 768px) {\n  .blog-shortcode.blog-list-shortcode-id-d4a1f1f853d3253bfa290682cad7f634 article {\n    -ms-flex-flow: column nowrap;\n    flex-flow: column nowrap;\n    margin-top: 20px;\n  }\n  .blog-shortcode.blog-list-shortcode-id-d4a1f1f853d3253bfa290682cad7f634.dividers-on article {\n    border: none;\n  }\n  .blog-shortcode.blog-list-shortcode-id-d4a1f1f853d3253bfa290682cad7f634.content-bg-on.centered-layout-list article {\n    padding: 0;\n  }\n  .blog-shortcode.blog-list-shortcode-id-d4a1f1f853d3253bfa290682cad7f634.blog-shortcode.dividers-on article,\n  .blog-shortcode.blog-list-shortcode-id-d4a1f1f853d3253bfa290682cad7f634.dividers-on.classic-layout-list article {\n    margin-top: 20px;\n    padding: 0;\n  }\n  .blog-shortcode.blog-list-shortcode-id-d4a1f1f853d3253bfa290682cad7f634.blog-shortcode.dividers-on article:first-of-type,\n  .blog-shortcode.blog-list-shortcode-id-d4a1f1f853d3253bfa290682cad7f634.dividers-on.classic-layout-list article:first-of-type {\n    padding: 0;\n  }\n  #page .blog-shortcode.blog-list-shortcode-id-d4a1f1f853d3253bfa290682cad7f634 .post-thumbnail-wrap,\n  #page .blog-shortcode.blog-list-shortcode-id-d4a1f1f853d3253bfa290682cad7f634 .post-entry-content {\n    width: 100%;\n    margin: 0;\n    top: 0;\n  }\n  #page .blog-shortcode.blog-list-shortcode-id-d4a1f1f853d3253bfa290682cad7f634 .post-thumbnail-wrap {\n    padding: 0;\n  }\n  #page .blog-shortcode.blog-list-shortcode-id-d4a1f1f853d3253bfa290682cad7f634 .post-entry-content:after {\n    display: none;\n  }\n  #page .blog-shortcode.blog-list-shortcode-id-d4a1f1f853d3253bfa290682cad7f634 .project-even .post-thumbnail-wrap,\n  #page .blog-shortcode.blog-list-shortcode-id-d4a1f1f853d3253bfa290682cad7f634.centered-layout-list .post-thumbnail-wrap {\n    -ms-flex-order: 0;\n    order: 0;\n  }\n  #page .blog-shortcode.blog-list-shortcode-id-d4a1f1f853d3253bfa290682cad7f634.centered-layout-list .post-entry-title-content {\n    -ms-flex-order: 1;\n    order: 1;\n    width: 100%;\n    padding: 20px 20px 0;\n  }\n  #page .blog-shortcode.blog-list-shortcode-id-d4a1f1f853d3253bfa290682cad7f634.centered-layout-list .post-entry-content {\n    -ms-flex-order: 2;\n    order: 2;\n    padding-top: 0;\n  }\n  #page .blog-shortcode.blog-list-shortcode-id-d4a1f1f853d3253bfa290682cad7f634 .fancy-categories {\n    top: 10px;\n    left: 10px;\n    bottom: auto;\n    right: auto;\n  }\n  #page .blog-shortcode.blog-list-shortcode-id-d4a1f1f853d3253bfa290682cad7f634 .fancy-date a {\n    top: 10px;\n    right: 10px;\n    left: auto;\n    bottom: auto;\n  }\n  #page .blog-shortcode.blog-list-shortcode-id-d4a1f1f853d3253bfa290682cad7f634 .post-entry-content {\n    padding: 20px;\n  }\n  #page .blog-shortcode.blog-list-shortcode-id-d4a1f1f853d3253bfa290682cad7f634 .entry-title {\n    margin: 3px 0 5px;\n    font-size: 20px;\n    font-size: 18px;\n    line-height: 26px;\n  }\n  #page .blog-shortcode.blog-list-shortcode-id-d4a1f1f853d3253bfa290682cad7f634 .entry-meta {\n    margin: 5px 0 5px;\n  }\n  #page .blog-shortcode.blog-list-shortcode-id-d4a1f1f853d3253bfa290682cad7f634 .entry-excerpt {\n    margin: 15px 0 0;\n  }\n  #page .blog-shortcode.blog-list-shortcode-id-d4a1f1f853d3253bfa290682cad7f634 .post-details {\n    margin: 5px 0 10px;\n  }\n  #page .blog-shortcode.blog-list-shortcode-id-d4a1f1f853d3253bfa290682cad7f634 .post-details.details-type-link {\n    margin-bottom: 2px;\n  }\n}\n<\/style><div class=\"articles-list blog-shortcode mode-list blog-list-shortcode-id-d4a1f1f853d3253bfa290682cad7f634 classic-layout-list content-bg-on scale-img dt-icon-bg-off loading-effect-fade-in\" data-cur-page=\"1\" data-post-limit=\"-1\" data-pagination-mode=\"pages\"><\/div><\/div><\/div><\/div><\/div>\n<\/div>","protected":false},"excerpt":{"rendered":"","protected":false},"author":1,"featured_media":0,"parent":286,"menu_order":0,"comment_status":"closed","ping_status":"closed","template":"","meta":{"_acf_changed":false,"passster_activate_protection":false,"passster_protect_child_pages":"","passster_protection_type":"password","passster_password":"","passster_passwords":"","passster_password_list":"","passster_password_lists":"","passster_activate_user_restriction":"","passster_user_restriction_type":"user-role","passster_user_restriction":"no-role","passster_activate_overwrite_defaults":"","passster_headline":"","passster_instruction":"","passster_placeholder":"","passster_button":"","passster_id":"","passster_activate_misc_settings":"","passster_redirect_url":"","passster_hide":"no","passster_area_shortcode":"","footnotes":""},"class_list":["post-287","page","type-page","status-publish","hentry","description-off"],"acf":[],"_links":{"self":[{"href":"http:\/\/unwwo.uno\/fr\/wp-json\/wp\/v2\/pages\/287","targetHints":{"allow":["GET"]}}],"collection":[{"href":"http:\/\/unwwo.uno\/fr\/wp-json\/wp\/v2\/pages"}],"about":[{"href":"http:\/\/unwwo.uno\/fr\/wp-json\/wp\/v2\/types\/page"}],"author":[{"embeddable":true,"href":"http:\/\/unwwo.uno\/fr\/wp-json\/wp\/v2\/users\/1"}],"replies":[{"embeddable":true,"href":"http:\/\/unwwo.uno\/fr\/wp-json\/wp\/v2\/comments?post=287"}],"version-history":[{"count":0,"href":"http:\/\/unwwo.uno\/fr\/wp-json\/wp\/v2\/pages\/287\/revisions"}],"up":[{"embeddable":true,"href":"http:\/\/unwwo.uno\/fr\/wp-json\/wp\/v2\/pages\/286"}],"wp:attachment":[{"href":"http:\/\/unwwo.uno\/fr\/wp-json\/wp\/v2\/media?parent=287"}],"curies":[{"name":"wp","href":"https:\/\/api.w.org\/{rel}","templated":true}]}}